{"id":1574,"date":"2024-03-05T11:54:46","date_gmt":"2024-03-05T10:54:46","guid":{"rendered":"https:\/\/pamoja-education-network.org\/le-don-a-echoue-2\/"},"modified":"2024-03-05T11:54:46","modified_gmt":"2024-03-05T10:54:46","slug":"le-don-a-echoue-2","status":"publish","type":"page","link":"https:\/\/pamoja-education-network.org\/en\/le-don-a-echoue-2\/","title":{"rendered":"Le don a \u00e9chou\u00e9"},"content":{"rendered":"<p>Nous sommes d\u00e9sol\u00e9s, mais votre transaction a \u00e9chou\u00e9. Veuillez essayer \u00e0 nouveau ou contacter l\u2019assistance du site.<\/p>","protected":false},"excerpt":{"rendered":"<p>Nous sommes d\u00e9sol\u00e9s, mais votre transaction a \u00e9chou\u00e9. Veuillez essayer \u00e0 nouveau ou contacter l\u2019assistance du site.<\/p>","protected":false},"author":1,"featured_media":0,"parent":0,"menu_order":0,"comment_status":"closed","ping_status":"closed","template":"","meta":{"give_campaign_id":0,"footnotes":""},"class_list":["post-1574","page","type-page","status-publish","hentry"],"campaignId":"","_links":{"self":[{"href":"https:\/\/pamoja-education-network.org\/en\/wp-json\/wp\/v2\/pages\/1574","targetHints":{"allow":["GET"]}}],"collection":[{"href":"https:\/\/pamoja-education-network.org\/en\/wp-json\/wp\/v2\/pages"}],"about":[{"href":"https:\/\/pamoja-education-network.org\/en\/wp-json\/wp\/v2\/types\/page"}],"author":[{"embeddable":true,"href":"https:\/\/pamoja-education-network.org\/en\/wp-json\/wp\/v2\/users\/1"}],"replies":[{"embeddable":true,"href":"https:\/\/pamoja-education-network.org\/en\/wp-json\/wp\/v2\/comments?post=1574"}],"version-history":[{"count":0,"href":"https:\/\/pamoja-education-network.org\/en\/wp-json\/wp\/v2\/pages\/1574\/revisions"}],"wp:attachment":[{"href":"https:\/\/pamoja-education-network.org\/en\/wp-json\/wp\/v2\/media?parent=1574"}],"curies":[{"name":"wp","href":"https:\/\/api.w.org\/{rel}","templated":true}]}}